{"id":160,"date":"2022-03-21T13:41:24","date_gmt":"2022-03-21T17:41:24","guid":{"rendered":"https:\/\/cetechsupport.com\/?page_id=160"},"modified":"2022-03-21T13:41:24","modified_gmt":"2022-03-21T17:41:24","slug":"gas-furnace-videos","status":"publish","type":"page","link":"https:\/\/cetechsupport.com\/es\/gas-furnace-videos\/","title":{"rendered":"V\u00eddeos de hornos de gas"},"content":{"rendered":"<p><a href=\"https:\/\/cetechsupport.com\/es\/video-clocking-a-natural-gas-meter\/\"><mark style=\"background-color:rgba(0, 0, 0, 0)\" class=\"has-inline-color has-vivid-red-color\">How to Clock a Natural Gas Meter<\/mark><\/a><mark style=\"background-color:rgba(0, 0, 0, 0)\" class=\"has-inline-color has-black-color\">: This is a video on how to calculate your gas Furnace input by using the customers natural gas meter and a clock to calculate the furnace input capacity and to verify manifold gas pressure settings.<\/mark><\/p>\n\n\n\n<p><a href=\"https:\/\/cetechsupport.com\/es\/video-how-to-convert-a-gas-furnace-to-lp-gas-pressure-check\/\"><mark style=\"background-color:rgba(0, 0, 0, 0)\" class=\"has-inline-color has-vivid-red-color\">How to Convert a gas furnace to LP &amp; Check Gas Pressures<\/mark>:<\/a>\u00a0<mark style=\"background-color:rgba(0, 0, 0, 0)\" class=\"has-inline-color has-black-color\">How convert a gas furnace to LP and check and adjust gas pressures on residential gas furnaces.<\/mark>\u00a0<\/p>\n\n\n\n<p> <a href=\"https:\/\/cetechsupport.com\/es\/video-troubleshooting-communication-code-16\/\">C\u00f3digo 16 Fallo de comunicaci\u00f3n:<\/a> <mark style=\"background-color:rgba(0, 0, 0, 0)\" class=\"has-inline-color has-black-color\">Este video le mostrar\u00e1 c\u00f3mo solucionar problemas en el circuito de comunicaci\u00f3n.<\/mark> <\/p>\n\n\n\n<p><a href=\"https:\/\/cetechsupport.com\/es\/video-code-35\/\"><mark style=\"background-color:rgba(0, 0, 0, 0)\" class=\"has-inline-color has-vivid-red-color\">Code 35<\/mark><\/a>\u00a0<mark style=\"background-color:rgba(0, 0, 0, 0)\" class=\"has-inline-color has-black-color\">(gas valve fault)<\/mark><\/p>\n\n\n\n<p><a href=\"https:\/\/cetechsupport.com\/es\/video-code-41\/\"><mark style=\"background-color:rgba(0, 0, 0, 0)\" class=\"has-inline-color has-vivid-red-color\">Code 41<\/mark><\/a>\u00a0<mark style=\"background-color:rgba(0, 0, 0, 0)\" class=\"has-inline-color has-black-color\">(blower motor fault)<\/mark><\/p>\n\n\n\n<p><a href=\"https:\/\/cetechsupport.com\/es\/26467-2\/\"><mark style=\"background-color:rgba(0, 0, 0, 0)\" class=\"has-inline-color has-vivid-red-color\">Code 42<\/mark><\/a>\u00a0<mark style=\"background-color:rgba(0, 0, 0, 0)\" class=\"has-inline-color has-black-color\">(inducer motor fault)\u00a0<\/mark><\/p>\n\n\n\n<p><mark style=\"background-color:rgba(0, 0, 0, 0)\" class=\"has-inline-color has-black-color\">Gas Furnace Heat Exchanger inspection form DSB09-0022<\/mark> <a href=\"https:\/\/cetechsupport.com\/wp-content\/uploads\/2020\/09\/DSB09-0022.pdf\"><mark style=\"background-color:rgba(0, 0, 0, 0)\" class=\"has-inline-color has-vivid-red-color\">HERE<\/mark><\/a><\/p>","protected":false},"excerpt":{"rendered":"<p>How to Clock a Natural Gas Meter: This is a video on how to calculate your gas Furnace input by using the customers natural gas meter and a clock to calculate the furnace input capacity and to verify manifold gas pressure settings. How to Convert a gas furnace to LP &amp; Check Gas Pressures:\u00a0How convert [&hellip;]<\/p>\n","protected":false},"author":1,"featured_media":0,"parent":0,"menu_order":0,"comment_status":"closed","ping_status":"closed","template":"","meta":{"_coblocks_attr":"","_coblocks_dimensions":"","_coblocks_responsive_height":"","_coblocks_accordion_ie_support":"","_uag_custom_page_level_css":"","site-sidebar-layout":"default","site-content-layout":"","ast-site-content-layout":"default","site-content-style":"default","site-sidebar-style":"default","ast-global-header-display":"","ast-banner-title-visibility":"","ast-main-header-display":"","ast-hfb-above-header-display":"","ast-hfb-below-header-display":"","ast-hfb-mobile-header-display":"","site-post-title":"","ast-breadcrumbs-content":"","ast-featured-img":"","footer-sml-layout":"","ast-disable-related-posts":"","theme-transparent-header-meta":"","adv-header-id-meta":"","stick-header-meta":"","header-above-stick-meta":"","header-main-stick-meta":"","header-below-stick-meta":"","astra-migrate-meta-layouts":"default","ast-page-background-enabled":"default","ast-page-background-meta":{"desktop":{"background-color":"","background-image":"","background-repeat":"repeat","background-position":"center center","background-size":"auto","background-attachment":"scroll","background-type":"","background-media":"","overlay-type":"","overlay-color":"","overlay-opacity":"","overlay-gradient":""},"tablet":{"background-color":"","background-image":"","background-repeat":"repeat","background-position":"center center","background-size":"auto","background-attachment":"scroll","background-type":"","background-media":"","overlay-type":"","overlay-color":"","overlay-opacity":"","overlay-gradient":""},"mobile":{"background-color":"","background-image":"","background-repeat":"repeat","background-position":"center center","background-size":"auto","background-attachment":"scroll","background-type":"","background-media":"","overlay-type":"","overlay-color":"","overlay-opacity":"","overlay-gradient":""}},"ast-content-background-meta":{"desktop":{"background-color":"var(--ast-global-color-5)","background-image":"","background-repeat":"repeat","background-position":"center center","background-size":"auto","background-attachment":"scroll","background-type":"","background-media":"","overlay-type":"","overlay-color":"","overlay-opacity":"","overlay-gradient":""},"tablet":{"background-color":"var(--ast-global-color-5)","background-image":"","background-repeat":"repeat","background-position":"center center","background-size":"auto","background-attachment":"scroll","background-type":"","background-media":"","overlay-type":"","overlay-color":"","overlay-opacity":"","overlay-gradient":""},"mobile":{"background-color":"var(--ast-global-color-5)","background-image":"","background-repeat":"repeat","background-position":"center center","background-size":"auto","background-attachment":"scroll","background-type":"","background-media":"","overlay-type":"","overlay-color":"","overlay-opacity":"","overlay-gradient":""}},"footnotes":""},"class_list":["post-160","page","type-page","status-publish","hentry"],"uagb_featured_image_src":{"full":false,"thumbnail":false,"medium":false,"medium_large":false,"large":false,"1536x1536":false,"2048x2048":false,"trp-custom-language-flag":false},"uagb_author_info":{"display_name":"Josh Goodman","author_link":"https:\/\/cetechsupport.com\/es\/author\/joshg\/"},"uagb_comment_info":0,"uagb_excerpt":"How to Clock a Natural Gas Meter: This is a video on how to calculate your gas Furnace input by using the customers natural gas meter and a clock to calculate the furnace input capacity and to verify manifold gas pressure settings. How to Convert a gas furnace to LP &amp; Check Gas Pressures:\u00a0How convert&hellip;","_links":{"self":[{"href":"https:\/\/cetechsupport.com\/es\/wp-json\/wp\/v2\/pages\/160","targetHints":{"allow":["GET"]}}],"collection":[{"href":"https:\/\/cetechsupport.com\/es\/wp-json\/wp\/v2\/pages"}],"about":[{"href":"https:\/\/cetechsupport.com\/es\/wp-json\/wp\/v2\/types\/page"}],"author":[{"embeddable":true,"href":"https:\/\/cetechsupport.com\/es\/wp-json\/wp\/v2\/users\/1"}],"replies":[{"embeddable":true,"href":"https:\/\/cetechsupport.com\/es\/wp-json\/wp\/v2\/comments?post=160"}],"version-history":[{"count":1,"href":"https:\/\/cetechsupport.com\/es\/wp-json\/wp\/v2\/pages\/160\/revisions"}],"predecessor-version":[{"id":161,"href":"https:\/\/cetechsupport.com\/es\/wp-json\/wp\/v2\/pages\/160\/revisions\/161"}],"wp:attachment":[{"href":"https:\/\/cetechsupport.com\/es\/wp-json\/wp\/v2\/media?parent=160"}],"curies":[{"name":"wp","href":"https:\/\/api.w.org\/{rel}","templated":true}]}}