{"id":164,"date":"2022-03-21T13:45:25","date_gmt":"2022-03-21T17:45:25","guid":{"rendered":"https:\/\/cetechsupport.com\/?page_id=164"},"modified":"2022-03-21T13:45:25","modified_gmt":"2022-03-21T17:45:25","slug":"installation-videos","status":"publish","type":"page","link":"https:\/\/cetechsupport.com\/es\/installation-videos\/","title":{"rendered":"V\u00eddeos de instalaci\u00f3n"},"content":{"rendered":"<p><strong><mark style=\"background-color:rgba(0, 0, 0, 0)\" class=\"has-inline-color has-black-color\">Ductless Installation videos<\/mark><\/strong><\/p>\n\n\n\n<p> <a href=\"https:\/\/cetechsupport.com\/es\/video-rectorseal-97622-safe-t-switch-ss610e-dls-condensate-shutoff-switch\/\">Rectorseal &#8211; 97622 Safe-T-Switch SS610E DLS Condensate Shutoff Switch Installation &amp; Service video:<\/a><mark style=\"background-color:rgba(0, 0, 0, 0)\" class=\"has-inline-color has-black-color\"> In this video you will see how to install the condensate shutoff switch on the new 40MAHB High wall mount unit, along with resetting the switch once it has tripped.<\/mark> <\/p>\n\n\n\n<p><strong><mark style=\"background-color:rgba(0, 0, 0, 0)\" class=\"has-inline-color has-black-color\">Fan Coil Installation videos<\/mark><\/strong><\/p>\n\n\n\n<p><a href=\"https:\/\/cetechsupport.com\/es\/video-fan-coil-horizontal-right-installation\/\">Fan Coil Horizontal Right Installation:<\/a> <mark style=\"background-color:rgba(0, 0, 0, 0)\" class=\"has-inline-color has-black-color\">In this video we will show you how to convert the coil from, out of the box configuration to the horizontal configuration, showing you all the steps to convert the coil.<\/mark><\/p>\n\n\n\n<p><a href=\"https:\/\/cetechsupport.com\/es\/video-fan-coil-downflow-installation\/\">Fan Coil Downflow Installation:<\/a> <mark style=\"background-color:rgba(0, 0, 0, 0)\" class=\"has-inline-color has-black-color\">In this video we will show you how to convert the coil from, out of the box configuration to the downflow configuration, using KIT# KFADC0401 showing you all the steps to convert the coil and the fan coil cabinet to the downflow configuration.<\/mark><\/p>\n\n\n\n<p><strong><mark style=\"background-color:rgba(0, 0, 0, 0)\" class=\"has-inline-color has-black-color\">All 90%+ Gas Furnace videos<\/mark><\/strong><\/p>\n\n\n\n<p><a href=\"https:\/\/cetechsupport.com\/es\/video-90-furnace-upflow-with-left-drain-option\/\">All 90%+ Furnace Upflow Installation with the left drain installation option:<\/a><mark style=\"background-color:rgba(0, 0, 0, 0)\" class=\"has-inline-color has-black-color\"> In this video we will show you how to install the items needed for the Upflow Installation left hand drain connection option.<\/mark><\/p>\n\n\n\n<p><a href=\"https:\/\/cetechsupport.com\/es\/video-90-furnace-horizontal-right-drain-installation\/\">All 90%+ Furnace Horizontal Right Installations:<\/a> <mark style=\"background-color:rgba(0, 0, 0, 0)\" class=\"has-inline-color has-black-color\">In this video we will show you how to install the items needed for the Horizontal Right Installation.<\/mark><\/p>\n\n\n\n<p><a href=\"https:\/\/cetechsupport.com\/es\/video-90-furnace-horizontal-left-drain-installation\/\">All 90%+ Furnace Horizontal Left Installations:<\/a> <mark style=\"background-color:rgba(0, 0, 0, 0)\" class=\"has-inline-color has-black-color\">In this video we will show you how to install the items needed for the Horizontal Left Installation.<\/mark><\/p>\n\n\n\n<p><a href=\"https:\/\/cetechsupport.com\/es\/video-90-furnace-downflow-with-right-and-left-drain-options\/\">All 90%+ Furnace Downflow Installations:<\/a> <mark style=\"background-color:rgba(0, 0, 0, 0)\" class=\"has-inline-color has-black-color\">In this video we will show you how to install and convert the furnace to the Downflow Installation position and convert the drain with the left or right hand connection option.<\/mark><\/p>\n\n\n\n<p><strong><mark style=\"background-color:rgba(0, 0, 0, 0)\" class=\"has-inline-color has-black-color\">All 90%+ Gas Furnace setup\/startup videos<\/mark><\/strong><\/p>\n\n\n\n<p><a href=\"https:\/\/cetechsupport.com\/es\/video-how-to-convert-a-gas-furnace-to-lp-gas-pressure-check\/\"><mark style=\"background-color:rgba(0, 0, 0, 0)\" class=\"has-inline-color has-vivid-red-color\">How to Convert a gas furnace to LP &amp; Check Gas Pressures<\/mark>:<\/a>\u00a0<mark style=\"background-color:rgba(0, 0, 0, 0)\" class=\"has-inline-color has-black-color\">How convert a gas furnace to LP and check and adjust gas pressures on residential gas furnaces.<\/mark>\u00a0<\/p>\n\n\n\n<p><a href=\"https:\/\/cetechsupport.com\/es\/video-clocking-a-natural-gas-meter\/\"><mark style=\"background-color:rgba(0, 0, 0, 0)\" class=\"has-inline-color has-vivid-red-color\">How to Clock a Natural Gas Meter<\/mark><\/a><mark style=\"background-color:rgba(0, 0, 0, 0)\" class=\"has-inline-color has-black-color\">: This is a video on how to calculate your gas Furnace input by using the customers natural gas meter and a clock to calculate the furnace input capacity and to verify manifold gas pressure settings.<\/mark><\/p>\n\n\n\n<p> <a href=\"https:\/\/cetechsupport.com\/es\/video-troubleshooting-communication-code-16\/\">C\u00f3digo 16 Fallo de comunicaci\u00f3n:<\/a> <span class=\"has-inline-color has-black-color\">Este video le mostrar\u00e1 c\u00f3mo solucionar problemas en el circuito de comunicaci\u00f3n.<\/span> <\/p>","protected":false},"excerpt":{"rendered":"<p>Ductless Installation videos Rectorseal &#8211; 97622 Safe-T-Switch SS610E DLS Condensate Shutoff Switch Installation &amp; Service video: In this video you will see how to install the condensate shutoff switch on the new 40MAHB High wall mount unit, along with resetting the switch once it has tripped. Fan Coil Installation videos Fan Coil Horizontal Right Installation: [&hellip;]<\/p>\n","protected":false},"author":1,"featured_media":0,"parent":0,"menu_order":0,"comment_status":"closed","ping_status":"closed","template":"","meta":{"_coblocks_attr":"","_coblocks_dimensions":"","_coblocks_responsive_height":"","_coblocks_accordion_ie_support":"","_uag_custom_page_level_css":"","site-sidebar-layout":"default","site-content-layout":"","ast-site-content-layout":"default","site-content-style":"default","site-sidebar-style":"default","ast-global-header-display":"","ast-banner-title-visibility":"","ast-main-header-display":"","ast-hfb-above-header-display":"","ast-hfb-below-header-display":"","ast-hfb-mobile-header-display":"","site-post-title":"","ast-breadcrumbs-content":"","ast-featured-img":"","footer-sml-layout":"","ast-disable-related-posts":"","theme-transparent-header-meta":"","adv-header-id-meta":"","stick-header-meta":"","header-above-stick-meta":"","header-main-stick-meta":"","header-below-stick-meta":"","astra-migrate-meta-layouts":"default","ast-page-background-enabled":"default","ast-page-background-meta":{"desktop":{"background-color":"","background-image":"","background-repeat":"repeat","background-position":"center center","background-size":"auto","background-attachment":"scroll","background-type":"","background-media":"","overlay-type":"","overlay-color":"","overlay-opacity":"","overlay-gradient":""},"tablet":{"background-color":"","background-image":"","background-repeat":"repeat","background-position":"center center","background-size":"auto","background-attachment":"scroll","background-type":"","background-media":"","overlay-type":"","overlay-color":"","overlay-opacity":"","overlay-gradient":""},"mobile":{"background-color":"","background-image":"","background-repeat":"repeat","background-position":"center center","background-size":"auto","background-attachment":"scroll","background-type":"","background-media":"","overlay-type":"","overlay-color":"","overlay-opacity":"","overlay-gradient":""}},"ast-content-background-meta":{"desktop":{"background-color":"var(--ast-global-color-5)","background-image":"","background-repeat":"repeat","background-position":"center center","background-size":"auto","background-attachment":"scroll","background-type":"","background-media":"","overlay-type":"","overlay-color":"","overlay-opacity":"","overlay-gradient":""},"tablet":{"background-color":"var(--ast-global-color-5)","background-image":"","background-repeat":"repeat","background-position":"center center","background-size":"auto","background-attachment":"scroll","background-type":"","background-media":"","overlay-type":"","overlay-color":"","overlay-opacity":"","overlay-gradient":""},"mobile":{"background-color":"var(--ast-global-color-5)","background-image":"","background-repeat":"repeat","background-position":"center center","background-size":"auto","background-attachment":"scroll","background-type":"","background-media":"","overlay-type":"","overlay-color":"","overlay-opacity":"","overlay-gradient":""}},"footnotes":""},"class_list":["post-164","page","type-page","status-publish","hentry"],"uagb_featured_image_src":{"full":false,"thumbnail":false,"medium":false,"medium_large":false,"large":false,"1536x1536":false,"2048x2048":false,"trp-custom-language-flag":false},"uagb_author_info":{"display_name":"Josh Goodman","author_link":"https:\/\/cetechsupport.com\/es\/author\/joshg\/"},"uagb_comment_info":0,"uagb_excerpt":"Ductless Installation videos Rectorseal &#8211; 97622 Safe-T-Switch SS610E DLS Condensate Shutoff Switch Installation &amp; Service video: In this video you will see how to install the condensate shutoff switch on the new 40MAHB High wall mount unit, along with resetting the switch once it has tripped. Fan Coil Installation videos Fan Coil Horizontal Right Installation:&hellip;","_links":{"self":[{"href":"https:\/\/cetechsupport.com\/es\/wp-json\/wp\/v2\/pages\/164","targetHints":{"allow":["GET"]}}],"collection":[{"href":"https:\/\/cetechsupport.com\/es\/wp-json\/wp\/v2\/pages"}],"about":[{"href":"https:\/\/cetechsupport.com\/es\/wp-json\/wp\/v2\/types\/page"}],"author":[{"embeddable":true,"href":"https:\/\/cetechsupport.com\/es\/wp-json\/wp\/v2\/users\/1"}],"replies":[{"embeddable":true,"href":"https:\/\/cetechsupport.com\/es\/wp-json\/wp\/v2\/comments?post=164"}],"version-history":[{"count":1,"href":"https:\/\/cetechsupport.com\/es\/wp-json\/wp\/v2\/pages\/164\/revisions"}],"predecessor-version":[{"id":165,"href":"https:\/\/cetechsupport.com\/es\/wp-json\/wp\/v2\/pages\/164\/revisions\/165"}],"wp:attachment":[{"href":"https:\/\/cetechsupport.com\/es\/wp-json\/wp\/v2\/media?parent=164"}],"curies":[{"name":"wp","href":"https:\/\/api.w.org\/{rel}","templated":true}]}}