{"id":170,"date":"2022-03-21T13:54:18","date_gmt":"2022-03-21T17:54:18","guid":{"rendered":"https:\/\/cetechsupport.com\/?page_id=170"},"modified":"2022-04-04T15:55:40","modified_gmt":"2022-04-04T19:55:40","slug":"variable-speed-systems","status":"publish","type":"page","link":"https:\/\/cetechsupport.com\/es\/variable-speed-systems\/","title":{"rendered":"Variable Speed Systems"},"content":{"rendered":"<p><mark style=\"background-color:rgba(0, 0, 0, 0)\" class=\"has-inline-color has-vivid-red-color\"><a href=\"https:\/\/cetechsupport.com\/es\/video-fault-code-retrieval\/\">Fault Code Retrieval<\/a>: <\/mark><mark style=\"background-color:rgba(0, 0, 0, 0)\" class=\"has-inline-color has-black-color\">This video will show you how to get the fault codes out of the user interface to help troubleshoot the system.<\/mark><\/p>\n\n\n\n<p><a href=\"https:\/\/cetechsupport.com\/es\/video-force-fault-code-recall\/\">Forced Fault Code retrieval:<\/a> <mark style=\"background-color:rgba(0, 0, 0, 0)\" class=\"has-inline-color has-black-color\">This video will show you how to place the outdoor unit into a force code recall in the event your unit is not reporting fault codes but yet is not operating when told to.<\/mark><\/p>\n\n\n\n<p><a href=\"https:\/\/cetechsupport.com\/es\/video-charging-with-the-user-interface\/\">Charging with the User Interface:<\/a> <mark style=\"background-color:rgba(0, 0, 0, 0)\" class=\"has-inline-color has-black-color\">This video will show you the 2 methods to charge a variable speed system and how to navigate the User interface for charging.<\/mark><\/p>\n\n\n\n<p><a href=\"https:\/\/cetechsupport.com\/es\/video-airflow-verification-test\/\">Airflow Verification Test:<\/a> <mark style=\"background-color:rgba(0, 0, 0, 0)\" class=\"has-inline-color has-black-color\">This will walk you thru how to put the User Interface into the Airflow Verification process to check the duct system static and the blower motor RPM&#8217;s.<\/mark><\/p>\n\n\n\n<p><a href=\"https:\/\/cetechsupport.com\/es\/video-of-recovery-evacuation-operation\/\">Recovery &amp; Evacuation operation:<\/a><mark style=\"background-color:rgba(0, 0, 0, 0)\" class=\"has-inline-color has-black-color\"> This will walk you thru to to navigate the service menu to make sure the EXV is open so you can ensure you can remove all the refrigerant from the system for a refrigerant repair.<\/mark><\/p>\n\n\n\n<p><a href=\"https:\/\/cetechsupport.com\/es\/video-troubleshooting-communication-code-16\/\">C\u00f3digo 16 Fallo de comunicaci\u00f3n:<\/a> <mark style=\"background-color:rgba(0, 0, 0, 0)\" class=\"has-inline-color has-black-color\">Este video le mostrar\u00e1 c\u00f3mo solucionar problemas en el circuito de comunicaci\u00f3n.<\/mark><\/p>\n\n\n\n<p><a href=\"https:\/\/cetechsupport.com\/es\/video-how-to-use-the-user-interface-as-a-service-tool\/\">How to use the User Interface as a Service Tool:<\/a> <mark style=\"background-color:rgba(0, 0, 0, 0)\" class=\"has-inline-color has-black-color\">In this video we will show you how you can use a second user interface as a tool to help reduce the time on a service call.<\/mark><\/p>\n\n\n\n<p><a href=\"https:\/\/cetechsupport.com\/es\/video-model-plug-code-25\/\">Code 25 Model Plug Fault:<\/a> <mark style=\"background-color:rgba(0, 0, 0, 0)\" class=\"has-inline-color has-black-color\">This video will cover how to test the model plug.<\/mark><\/p>\n\n\n\n<p> <a href=\"https:\/\/cetechsupport.com\/es\/video-code-41\/\"><mark style=\"background-color:rgba(0, 0, 0, 0)\" class=\"has-inline-color has-vivid-red-color\">Code 41<\/mark><\/a>&nbsp;<mark style=\"background-color:rgba(0, 0, 0, 0)\" class=\"has-inline-color has-black-color\">(blower motor fault)<\/mark> <mark style=\"background-color:rgba(0, 0, 0, 0)\" class=\"has-inline-color has-black-color\">: This process works on the FE4 Fan coil as well.<\/mark><\/p>\n\n\n\n<p><a href=\"https:\/\/cetechsupport.com\/es\/video-high-pressure-protection-operation\/\">High Pressure Protection operation:<\/a> <mark style=\"background-color:rgba(0, 0, 0, 0)\" class=\"has-inline-color has-black-color\">This explains how the high protection operation operates on the Next Gen System.<\/mark><\/p>\n\n\n\n<p><a href=\"https:\/\/cetechsupport.com\/es\/video-low-pressure-protection-operation\/\">Low Pressure Protection operation:<\/a> <mark style=\"background-color:rgba(0, 0, 0, 0)\" class=\"has-inline-color has-black-color\">This explains how the high protection operation operates on the Next Gen System.<\/mark><\/p>\n\n\n\n<p><a href=\"https:\/\/cetechsupport.com\/es\/video-pressure-transducer-testing\/\">Pressure Transducer Testing:<\/a><mark style=\"background-color:rgba(0, 0, 0, 0)\" class=\"has-inline-color has-black-color\"> This will show you how to check a pressure transducer.<\/mark><\/p>\n\n\n\n<p><a href=\"https:\/\/cetechsupport.com\/es\/video-exv-troubleshooting-testing\/\">EXV Troubleshooting &amp; Testing:<\/a> <mark style=\"background-color:rgba(0, 0, 0, 0)\" class=\"has-inline-color has-black-color\">Here we will walk you thru how to ohm the stepper motor and then test the valve to make sure it mechanically works.<\/mark><\/p>\n\n\n\n<p><a href=\"https:\/\/cetechsupport.com\/es\/video-thermistor-testing\/\">Thermistor Testing:<\/a> <mark style=\"background-color:rgba(0, 0, 0, 0)\" class=\"has-inline-color has-black-color\">Codes 51-54 all relate to a thermistor issue.<\/mark><\/p>\n\n\n\n<p><a href=\"https:\/\/cetechsupport.com\/es\/video-next-gen-condenser-fan-motor-troubleshooting\/\">Next Generation Condenser Fan Motor:<\/a> <mark style=\"background-color:rgba(0, 0, 0, 0)\" class=\"has-inline-color has-black-color\">This video will show you how to test the Next Gen condenser fan motor. It is different then the 5-stage condenser motor.<\/mark><\/p>\n\n\n\n<p><a href=\"https:\/\/cetechsupport.com\/wp-content\/uploads\/2022\/04\/Troubleshooting-FV-FK-ECM-Motors-X13-Motors.pdf\" target=\"_blank\" rel=\"noreferrer noopener\">Troubleshooting the FV\/FK ECM Motor &amp; X13 Motor: <\/a><mark style=\"background-color:rgba(0, 0, 0, 0)\" class=\"has-inline-color has-black-color\">This guide will assist in troubleshooting the 16-pin Variable Speed and X-13 motors.<\/mark><\/p>\n\n\n\n<p><a href=\"https:\/\/cetechsupport.com\/wp-content\/uploads\/2022\/04\/Inverter-Code-69-77.pdf\" target=\"_blank\" rel=\"noreferrer noopener\">Code 69 25VNA0\/280ANV Heat Pumps, 24VNA\/180CNV AC units<\/a>; <mark style=\"background-color:rgba(0, 0, 0, 0)\" class=\"has-inline-color has-black-color\">First check the compressor windings, and to ground at the compressor terminal head. This test will help check for a locked up compressor. If the board generates a code 79 with the compressor disconnected then this is most likely a locked up compressor.<\/mark><\/p>","protected":false},"excerpt":{"rendered":"<p>Fault Code Retrieval: This video will show you how to get the fault codes out of the user interface to help troubleshoot the system. Forced Fault Code retrieval: This video will show you how to place the outdoor unit into a force code recall in the event your unit is not reporting fault codes but [&hellip;]<\/p>\n","protected":false},"author":1,"featured_media":0,"parent":0,"menu_order":0,"comment_status":"closed","ping_status":"closed","template":"","meta":{"_coblocks_attr":"","_coblocks_dimensions":"","_coblocks_responsive_height":"","_coblocks_accordion_ie_support":"","_uag_custom_page_level_css":"","site-sidebar-layout":"default","site-content-layout":"","ast-site-content-layout":"default","site-content-style":"default","site-sidebar-style":"default","ast-global-header-display":"","ast-banner-title-visibility":"","ast-main-header-display":"","ast-hfb-above-header-display":"","ast-hfb-below-header-display":"","ast-hfb-mobile-header-display":"","site-post-title":"","ast-breadcrumbs-content":"","ast-featured-img":"","footer-sml-layout":"","ast-disable-related-posts":"","theme-transparent-header-meta":"","adv-header-id-meta":"","stick-header-meta":"","header-above-stick-meta":"","header-main-stick-meta":"","header-below-stick-meta":"","astra-migrate-meta-layouts":"default","ast-page-background-enabled":"default","ast-page-background-meta":{"desktop":{"background-color":"","background-image":"","background-repeat":"repeat","background-position":"center center","background-size":"auto","background-attachment":"scroll","background-type":"","background-media":"","overlay-type":"","overlay-color":"","overlay-opacity":"","overlay-gradient":""},"tablet":{"background-color":"","background-image":"","background-repeat":"repeat","background-position":"center center","background-size":"auto","background-attachment":"scroll","background-type":"","background-media":"","overlay-type":"","overlay-color":"","overlay-opacity":"","overlay-gradient":""},"mobile":{"background-color":"","background-image":"","background-repeat":"repeat","background-position":"center center","background-size":"auto","background-attachment":"scroll","background-type":"","background-media":"","overlay-type":"","overlay-color":"","overlay-opacity":"","overlay-gradient":""}},"ast-content-background-meta":{"desktop":{"background-color":"var(--ast-global-color-5)","background-image":"","background-repeat":"repeat","background-position":"center center","background-size":"auto","background-attachment":"scroll","background-type":"","background-media":"","overlay-type":"","overlay-color":"","overlay-opacity":"","overlay-gradient":""},"tablet":{"background-color":"var(--ast-global-color-5)","background-image":"","background-repeat":"repeat","background-position":"center center","background-size":"auto","background-attachment":"scroll","background-type":"","background-media":"","overlay-type":"","overlay-color":"","overlay-opacity":"","overlay-gradient":""},"mobile":{"background-color":"var(--ast-global-color-5)","background-image":"","background-repeat":"repeat","background-position":"center center","background-size":"auto","background-attachment":"scroll","background-type":"","background-media":"","overlay-type":"","overlay-color":"","overlay-opacity":"","overlay-gradient":""}},"footnotes":""},"class_list":["post-170","page","type-page","status-publish","hentry"],"uagb_featured_image_src":{"full":false,"thumbnail":false,"medium":false,"medium_large":false,"large":false,"1536x1536":false,"2048x2048":false,"trp-custom-language-flag":false},"uagb_author_info":{"display_name":"Josh Goodman","author_link":"https:\/\/cetechsupport.com\/es\/author\/joshg\/"},"uagb_comment_info":0,"uagb_excerpt":"Fault Code Retrieval: This video will show you how to get the fault codes out of the user interface to help troubleshoot the system. Forced Fault Code retrieval: This video will show you how to place the outdoor unit into a force code recall in the event your unit is not reporting fault codes but&hellip;","_links":{"self":[{"href":"https:\/\/cetechsupport.com\/es\/wp-json\/wp\/v2\/pages\/170","targetHints":{"allow":["GET"]}}],"collection":[{"href":"https:\/\/cetechsupport.com\/es\/wp-json\/wp\/v2\/pages"}],"about":[{"href":"https:\/\/cetechsupport.com\/es\/wp-json\/wp\/v2\/types\/page"}],"author":[{"embeddable":true,"href":"https:\/\/cetechsupport.com\/es\/wp-json\/wp\/v2\/users\/1"}],"replies":[{"embeddable":true,"href":"https:\/\/cetechsupport.com\/es\/wp-json\/wp\/v2\/comments?post=170"}],"version-history":[{"count":7,"href":"https:\/\/cetechsupport.com\/es\/wp-json\/wp\/v2\/pages\/170\/revisions"}],"predecessor-version":[{"id":1339,"href":"https:\/\/cetechsupport.com\/es\/wp-json\/wp\/v2\/pages\/170\/revisions\/1339"}],"wp:attachment":[{"href":"https:\/\/cetechsupport.com\/es\/wp-json\/wp\/v2\/media?parent=170"}],"curies":[{"name":"wp","href":"https:\/\/api.w.org\/{rel}","templated":true}]}}